{"id":8385,"date":"2022-10-21T08:55:10","date_gmt":"2022-10-21T06:55:10","guid":{"rendered":"https:\/\/biblioteka.uksw.edu.pl\/guide\/rules-of-circulation-and-preservation\/"},"modified":"2025-11-21T13:16:27","modified_gmt":"2025-11-21T12:16:27","slug":"rules-of-circulation-and-preservation","status":"publish","type":"page","link":"https:\/\/biblioteka.uksw.edu.pl\/en\/guide\/rules-of-circulation-and-preservation\/","title":{"rendered":"The Rules of Circulation and Preservation"},"content":{"rendered":"\n<p><\/p>\n\r\n<div class=\"\">\r\n\r\n<div class=\"page_heading\"> <img decoding=\"async\" src=\"https:\/\/biblioteka.uksw.edu.pl\/wp-content\/themes\/uksw\/images\/note-2_white.svg\" alt=\"\"> Przeczytaj r\u00f3wnie\u017c:<\/div>\r\n<div class=\"candidate_box_sec\">\r\n<div class=\"row\">\r\n\r\n    \r\n                                \r\n                            <div class=\"col-xl-6 col-lg-6 col-md-12 col-sm-12 project\">\r\n                                <a href=\"https:\/\/biblioteka.uksw.edu.pl\/en\/?post_type=page&#038;p=8458\" class=\"project_box\">\r\n                                    <div class=\"candidate_box project_box\">\r\n                                        <div class=\"candidate_box_title\">Rules<\/div>\r\n                                                                                <div class=\"candidate_box_sub_title\">of Diploma Theses Access<\/div>\r\n                                                                                <img decoding=\"async\" src=\"https:\/\/biblioteka.uksw.edu.pl\/wp-content\/themes\/uksw\/images\/arrow_more1.svg\" alt=\"\">  \r\n                                    <\/div>\r\n                                <\/a>\r\n                            <\/div>\r\n                      \r\n                        \r\n                            <\/div>\r\n<\/div>\r\n\r\n<\/div>\n<h2 class=\"wp-block-heading\">1. Borrow limit:<\/h2>\n\n<figure class=\"wp-block-table tab1\"><table><thead><tr><th>Categories of Users<\/th><th class=\"has-text-align-center\" data-align=\"center\">Number<br\/>of volumes <\/th><th class=\"has-text-align-center\" data-align=\"center\">Time <br\/>(number of days)<\/th><th class=\"has-text-align-center\" data-align=\"center\">Renewal<\/th><th class=\"has-text-align-center\" data-align=\"center\">Max. borrow time including renewal <\/th><th class=\"has-text-align-center\" data-align=\"center\">Deposit<\/th><\/tr><\/thead><tbody><tr><td>Full-time Student<\/td><td class=\"has-text-align-center\" data-align=\"center\">10<\/td><td class=\"has-text-align-center\" data-align=\"center\">30<\/td><td class=\"has-text-align-center\" data-align=\"center\">30<\/td><td class=\"has-text-align-center\" data-align=\"center\">60<\/td><td class=\"has-text-align-center\" data-align=\"center\"><\/td><\/tr><tr><td>Part-time \/ Extramural Student<\/td><td class=\"has-text-align-center\" data-align=\"center\">10<\/td><td class=\"has-text-align-center\" data-align=\"center\">42<\/td><td class=\"has-text-align-center\" data-align=\"center\">30<\/td><td class=\"has-text-align-center\" data-align=\"center\">72<\/td><td class=\"has-text-align-center\" data-align=\"center\"><\/td><\/tr><tr><td>Student studying more than one course (after having the request application accepted by the Library Director)<\/td><td class=\"has-text-align-center\" data-align=\"center\">15<\/td><td class=\"has-text-align-center\" data-align=\"center\">30<\/td><td class=\"has-text-align-center\" data-align=\"center\">30<\/td><td class=\"has-text-align-center\" data-align=\"center\">60<\/td><td class=\"has-text-align-center\" data-align=\"center\"><\/td><\/tr><tr><td>Students with disabilities (on presentation of a certificate from the Office for Persons with Disabilities of UKSW)<\/td><td class=\"has-text-align-center\" data-align=\"center\">10<\/td><td class=\"has-text-align-center\" data-align=\"center\">90<\/td><td class=\"has-text-align-center\" data-align=\"center\">30<\/td><td class=\"has-text-align-center\" data-align=\"center\">120<\/td><td class=\"has-text-align-center\" data-align=\"center\"><\/td><\/tr><tr><td>Doctoral Student<\/td><td class=\"has-text-align-center\" data-align=\"center\">20<\/td><td class=\"has-text-align-center\" data-align=\"center\">90<\/td><td class=\"has-text-align-center\" data-align=\"center\">30<\/td><td class=\"has-text-align-center\" data-align=\"center\">120<\/td><td class=\"has-text-align-center\" data-align=\"center\"><\/td><\/tr><tr><td>Academic Teacher<\/td><td class=\"has-text-align-center\" data-align=\"center\">25<\/td><td class=\"has-text-align-center\" data-align=\"center\">180<\/td><td class=\"has-text-align-center\" data-align=\"center\">30<\/td><td class=\"has-text-align-center\" data-align=\"center\">210<\/td><td class=\"has-text-align-center\" data-align=\"center\"><\/td><\/tr><tr><td>Postgraduate Student<\/td><td class=\"has-text-align-center\" data-align=\"center\">5<\/td><td class=\"has-text-align-center\" data-align=\"center\">42<\/td><td class=\"has-text-align-center\" data-align=\"center\">30<\/td><td class=\"has-text-align-center\" data-align=\"center\">72<\/td><td class=\"has-text-align-center\" data-align=\"center\"><\/td><\/tr><tr><td>Students of the courses organized at the UKSW<\/td><td class=\"has-text-align-center\" data-align=\"center\">5<\/td><td class=\"has-text-align-center\" data-align=\"center\">42<\/td><td class=\"has-text-align-center\" data-align=\"center\">30<\/td><td class=\"has-text-align-center\" data-align=\"center\">72<\/td><td class=\"has-text-align-center\" data-align=\"center\">50 PLN <br\/>per 1 volume<\/td><\/tr><tr><td>Researcher<\/td><td class=\"has-text-align-center\" data-align=\"center\">10<\/td><td class=\"has-text-align-center\" data-align=\"center\">30<\/td><td class=\"has-text-align-center\" data-align=\"center\">30<\/td><td class=\"has-text-align-center\" data-align=\"center\">60<\/td><td class=\"has-text-align-center\" data-align=\"center\"><\/td><\/tr><tr><td>Library employee <br\/><\/td><td class=\"has-text-align-center\" data-align=\"center\">25<\/td><td class=\"has-text-align-center\" data-align=\"center\">180<\/td><td class=\"has-text-align-center\" data-align=\"center\">30<\/td><td class=\"has-text-align-center\" data-align=\"center\">210<\/td><td class=\"has-text-align-center\" data-align=\"center\"><\/td><\/tr><tr><td>Managerial Staff<\/td><td class=\"has-text-align-center\" data-align=\"center\">30<\/td><td class=\"has-text-align-center\" data-align=\"center\">180<\/td><td class=\"has-text-align-center\" data-align=\"center\">30<\/td><td class=\"has-text-align-center\" data-align=\"center\">210<\/td><td class=\"has-text-align-center\" data-align=\"center\"><\/td><\/tr><tr><td>Rectors <\/td><td class=\"has-text-align-center\" data-align=\"center\">30<\/td><td class=\"has-text-align-center\" data-align=\"center\">365 (1 year)<\/td><td class=\"has-text-align-center\" data-align=\"center\">30<\/td><td class=\"has-text-align-center\" data-align=\"center\">395<\/td><td class=\"has-text-align-center\" data-align=\"center\"><\/td><\/tr><tr><td>Retired UKSW employees* <\/td><td class=\"has-text-align-center\" data-align=\"center\">5<\/td><td class=\"has-text-align-center\" data-align=\"center\">90<\/td><td class=\"has-text-align-center\" data-align=\"center\">30<\/td><td class=\"has-text-align-center\" data-align=\"center\">120<\/td><td class=\"has-text-align-center\" data-align=\"center\"><\/td><\/tr><tr><td>External Doctoral Students related to the UKSW by a supervisor<\/td><td class=\"has-text-align-center\" data-align=\"center\">5<\/td><td class=\"has-text-align-center\" data-align=\"center\">30<\/td><td class=\"has-text-align-center\" data-align=\"center\">30<\/td><td class=\"has-text-align-center\" data-align=\"center\">60<\/td><td class=\"has-text-align-center\" data-align=\"center\">50 PLN <br\/>per 1 volume<\/td><\/tr><tr><td>Employees on civil law contracts<\/td><td class=\"has-text-align-center\" data-align=\"center\">5<\/td><td class=\"has-text-align-center\" data-align=\"center\">30<\/td><td class=\"has-text-align-center\" data-align=\"center\">30<\/td><td class=\"has-text-align-center\" data-align=\"center\">120<\/td><td class=\"has-text-align-center\" data-align=\"center\">50 PLN <br\/>per 1 volume<\/td><\/tr><tr><td>UKSW Graduates<\/td><td class=\"has-text-align-center\" data-align=\"center\">4<\/td><td class=\"has-text-align-center\" data-align=\"center\">30<\/td><td class=\"has-text-align-center\" data-align=\"center\">30<\/td><td class=\"has-text-align-center\" data-align=\"center\">60<\/td><td class=\"has-text-align-center\" data-align=\"center\">200 PLN\/year<\/td><\/tr><tr><td>The MOST program Students<\/td><td class=\"has-text-align-center\" data-align=\"center\">5<\/td><td class=\"has-text-align-center\" data-align=\"center\">30<\/td><td class=\"has-text-align-center\" data-align=\"center\">30<\/td><td class=\"has-text-align-center\" data-align=\"center\">60<\/td><td class=\"has-text-align-center\" data-align=\"center\">50 PLN <br\/>per 1 volume<\/td><\/tr><tr><td>Erasmus program Students<br\/><\/td><td class=\"has-text-align-center\" data-align=\"center\">5<\/td><td class=\"has-text-align-center\" data-align=\"center\">30<\/td><td class=\"has-text-align-center\" data-align=\"center\">30<\/td><td class=\"has-text-align-center\" data-align=\"center\">60<\/td><td class=\"has-text-align-center\" data-align=\"center\">50 PLN <br\/>per 1 volume<\/td><\/tr><tr><td>Users of the Warsaw Reciprocal Borrowing Programme (SWW &#8211; BiblioWawa)<\/td><td class=\"has-text-align-center\" data-align=\"center\">5<\/td><td class=\"has-text-align-center\" data-align=\"center\">30<\/td><td class=\"has-text-align-center\" data-align=\"center\">30<\/td><td class=\"has-text-align-center\" data-align=\"center\">60<\/td><td class=\"has-text-align-center\" data-align=\"center\"><\/td><\/tr><\/tbody><\/table><figcaption class=\"wp-element-caption\">*Legal basis <a href=\"https:\/\/biblioteka.uksw.edu.pl\/wp-content\/uploads\/sites\/15\/2025\/11\/0161.16.2025-w-sprawie-udostepniania-zbiorowoemerytowanym-profesorom.pdf\" target=\"_blank\" rel=\"noreferrer noopener\"><em>Decision No. 16\/2025 of the Director of the Library of the Cardinal Stefan Wyszy\u0144ski University in Warsaw of October 29, 2025 on the rules for making collections available to retired professors of Cardinal Stefan Wyszy\u0144ski University in Warsaw <\/em><\/a><\/figcaption><\/figure>\n\n<h2 class=\"wp-block-heading\">2. Fee for overdue<\/h2>\n\n<p>The fee for overdue is set out in \u00a7 5, par. 6-11 <em><a href=\"https:\/\/biblioteka.uksw.edu.pl\/wp-content\/uploads\/sites\/15\/2025\/02\/Zalacznik-do-Decyzji-nr-10-2025-Dyrektora-Biblioteki-UKSW-Regulamin-Udostepniania-Zbiorow-BUKSW.pdf\" target=\"_blank\" rel=\"noopener nofollow\" title=\"\">Rules and Regulations of Sharing Collections in the UKSW Library<\/a><\/em>: <\/p>\n\n<ul class=\"wp-block-list\">\n<li><strong>The fee for overdue one book is PLN 50 for each day of delay<\/strong>. The fee is calculated automatically by the library computer system. (par. 6)<\/li>\n\n\n\n<li>The library reader recognizes the applicable fee, as well as the possibility of seeking it in court before the court competent for the UKSW headquarters. (par. 7)<\/li>\n<\/ul>\n\n<p>The fee for overdue <strong>can only be made via bank transfer<\/strong>. Payment must be made by bank transfer to University account: <strong>Santander Bank Polska 80 1090 1014 0000 0001 2338 8216<\/strong>, <strong>UKSW, ul. Dewajtis 5, 01-815 Warszawa <\/strong> within <strong>7 days from the date of return of the book<\/strong> (\u00a7 5, par. 8). Information about the payment to the account is received a minimum of 2 days after making it. Only after this the library account lock is released. <\/p>\n\n<h3 class=\"wp-block-heading has-text-align-left\">Download:<\/h3>\n\r\n<div class=\"\">\r\n\r\n\r\n<div class=\"row\">\r\n\r\n  \r\n<div class=\"col-xl-12 col-lg-12 col-md-12 col-sm-12 \">\r\n\t\t<div class=\"download_detils\">\r\n\t\t\t<a href=\"https:\/\/biblioteka.uksw.edu.pl\/wp-content\/uploads\/sites\/15\/2025\/02\/Zalacznik-do-Decyzji-nr-10-2025-Dyrektora-Biblioteki-UKSW-Regulamin-Udostepniania-Zbiorow-BUKSW.pdf\"  target=\"_blank\" >\r\n\t\t\t<img decoding=\"async\" src=\"https:\/\/biblioteka.uksw.edu.pl\/wp-content\/themes\/uksw\/images\/import.svg\" alt=\"\"> Regulamin udost\u0119pniania zbior\u00f3w w Bibliotece UKSW [PDF,  0.28 MB]<\/a>\r\n\t\t<\/div>\r\n<\/div>\r\n\r\n\r\n\t\t\r\n\t\t \r\n\r\n<\/div>\r\n<\/div>\r\n<div class=\"space20\"><\/div>\r\n\r\n\n<h2 class=\"wp-block-heading\">3. Materials that can not be borrowed:<\/h2>\n\n<ul class=\"wp-block-list\">\n<li>library materials available <strong>&#8220;only on-site&#8221;<\/strong> and \u201c<strong>Available at Biblioteka UKSW \u2013 Dewajtis Czytelnia Teologiczno-Kanoniczna\u201d or \u201cAvailable at Biblioteka UKSW \u2013 Dewajtis Czytelnia Humanistyczna\u201d, or \u201cAvailable at Biblioteka UKSW \u2013 Czytelnia Nauk Prawnych \u2013 W\u00f3ycickiego \/ Biblioteka Nauk Prawnych \u2013 W\u00f3ycickiego \/ Biblioteka UKSW \u2013 W\u00f3ycickiego Czytelnia og\u00f3lna \u2013 W\u00f3ycickiego\u201d<\/strong><\/li>\n\n\n\n<li>works included in the reference collections of the reading rooms and laboratory,<\/li>\n\n\n\n<li>newspapers and journals,<\/li>\n\n\n\n<li>books published between 1801-1950,<\/li>\n\n\n\n<li>objects in poor condition and incorrect prints and &#8220;small volumes&#8221;,<\/li>\n\n\n\n<li>special collections (including diploma theses),<\/li>\n\n\n\n<li>microfilms.<\/li>\n<\/ul>\n\n<h2 class=\"wp-block-heading\">4. Orders<\/h2>\n\n<p><strong>Materials can only be ordered electronically<\/strong> via an individual user account.<\/p>\n\n<h2 class=\"wp-block-heading\">5. Library account <br\/><\/h2>\n\n<p>The Reader has ongoing access via the Internet to data on his library account, including the date of account validity, the current state of loans, current orders and reservations, and with special fees. The UKSW Library is not obliged to send individual notifications about the status of a library account. <\/p>\n\n<p><strong>The Reader is obliged to monitor his library account, regulate the obligations due and immediately reporting any irregularities.<\/strong><\/p>\n\n<h2 class=\"wp-block-heading\">6. Library card<\/h2>\n\n<p>The library card entitles you to access to the library collections and collect the order. Any of the following documents can be used as your Library Card:<\/p>\n\n<ul class=\"wp-block-list\">\n<li>Electronic Student\/Doctoral\/Academic Staff <strong>ID Card<\/strong><\/li>\n\n\n\n<li><strong>UKSW Access Card<\/strong> (UKSW employees only) \u2013 after activation in the Library,<\/li>\n\n\n\n<li><strong>Postgraduate Student<\/strong> Card,<\/li>\n\n\n\n<li><strong>Warsaw City Card<\/strong> (for retired UKSW employees, Research and Teaching Staff on civil law contracts, visiting professors at the UKSW, electronic doctoral student card for external doctoral students related to the UKSW by a supervisor). \u201cLogin PRIMO\u201d account is valid for one year  &#8220;Login PRIMO&#8221; account is valid for one year,<\/li>\n\n\n\n<li><strong>Electronic student ID card<\/strong> [including Mobile Student ID Card (service within mObywatel application \u2013 portal gov.pl) of UKSW student], doctoral, employee or Warsaw City Card of reader of The Warsaw Reciprocal Borrowing Programme (SWW \u2013 BiblioWawa).<\/li>\n<\/ul>\n\n<p><strong>Part-time students and students of the courses organized at the UKSW who do not hold the above-mentioned cards but have their USOS account, must present an evidence of current student status from their UKSW unit at the Lending Room. <\/strong><\/p>\n\n<h2 class=\"wp-block-heading\">7. Availability statuses<\/h2>\n\n<p>When browsing the online catalogue, the status of the book is visible, e.g.: &#8220;Dost\u0119pny w Biblioteka UKSW &#8211; Dewajtis Magazyn I &#8211; Dewajtis&#8221;, &#8220;Dost\u0119pny w Biblioteka UKSW &#8211; W\u00f3ycickiego Magazyn II &#8211; W\u00f3ycickiego&#8221;, &#8220;Dost\u0119pny w Biblioteka Nauk Prawnych &#8211; W\u00f3ycickiego Magazyn Nauk Prawnych &#8211; W\u00f3ycickiego&#8221;, &#8220;Niedost\u0119pne&#8221; or &#8220;Dost\u0119pne w Biblioteka UKSW &#8211; Dewajtis Czytelnia Teologiczno-Kanoniczna&#8221; or &#8220;Dost\u0119pne w Biblioteka UKSW &#8211; Dewajtis Czytelnia Humanistyczna&#8221; or &#8220;Dost\u0119pne w Biblioteka UKSW &#8211; W\u00f3ycickiego Czytelnia Nauk Prawnych &#8211; W\u00f3ycickiego&#8221;, &#8220;Biblioteka Nauk Prawnych &#8211; W\u00f3ycickiego&#8221;, &#8220;Biblioteka UKSW &#8211; W\u00f3ycickiego Czytelnia og\u00f3lna &#8211; W\u00f3ycickiego&#8221;.<\/p>\n\n<h2 class=\"wp-block-heading\">8. Pickup of requested item<\/h2>\n\n<figure class=\"wp-block-table tab1\"><table><thead><tr><th class=\"has-text-align-center\" data-align=\"center\">Home library<\/th><th class=\"has-text-align-center\" data-align=\"center\">Pickup location<\/th><\/tr><\/thead><tbody><tr><td class=\"has-text-align-center\" data-align=\"center\">The Library of Cardinal Stefan Wyszynski University in Warsaw \u2013 Dewajtis<\/td><td class=\"has-text-align-center\" data-align=\"center\">UKSW Library &#8211; Dewajtis (K-303) or UKSW Library &#8211; W\u00f3ycickiego (building. 23, 1st floor, r. 110)<\/td><\/tr><tr><td class=\"has-text-align-center\" data-align=\"center\">The Library of Cardinal Stefan Wyszynski University in Warsaw \u2013 W\u00f3ycickiego <br\/><\/td><td class=\"has-text-align-center\" data-align=\"center\">UKSW Library &#8211; W\u00f3ycickiego (building 23, 1st floor, r. 110) OR UKSW Library- Dewajtis (K-303)<\/td><\/tr><tr><td class=\"has-text-align-center\" data-align=\"center\">Law Sciences Library<\/td><td class=\"has-text-align-center\" data-align=\"center\">Law Sciences Library (building 17, ground floor, r. 1708A)<\/td><\/tr><\/tbody><\/table><\/figure>\n\n<p><strong>Materials at the Lending Room can be picked up after approx. 30 min<\/strong>. from sending a request, except when they have been ordered:<\/p>\n\n<ul class=\"wp-block-list\">\n<li>books ordered between. 5.30 p.m. &#8211; 9.00 a.m. &#8211; they can be picked up after 9.30 a.m.  9.30<\/li>\n\n\n\n<li>request for books was send after 5.30 p.m. on Friday &#8211; thay can be picked up from 11.00 a.m. on Saturday.  <\/li>\n\n\n\n<li>request for books was send between 2.30 p.m. on Saturday and 9.00 a.m. on Monday &#8211; they can be picked up from 9.30 a.m. on Monday   <\/li>\n<\/ul>\n\n<p><strong>Books must be picked up within 3 days<\/strong>, when the library is open to readers.<\/p>\n\n<h2 class=\"wp-block-heading\">9. Book renewal<\/h2>\n\n<p>Renewal is an extension of the deadline for returning borrowed books. It is only possible if the item has not been ordered previously by another user.<\/p>\n\n<p>The total loan period may not exceed the sum of the days of the statutory loan and the 30-day renewal period. The renewal is available 7 days before the designated return date and is allowed until the day before the deadline. The first renewal in the library system may last 30 days.   Another renewal is allowed according to the information from the library system on the library account, depending on the date of the first renewal. The sum of renewal days cannot exceed 37 days. <\/p>\n\n<p><strong>In special cases<\/strong>, prolongate can be obtained via e -mail or telephone contact to the Lending Room. The reader should provide the librarian with his\/her surname, first name and UKSW ID from USOSWeb.  A reader applying for a renewal by e-mail should receive a reply to his letter containing the applicable deadlines for returning the books. <strong>Sending a request to the Library for an extension of the loan period for books does not constitute a renewal.<\/strong><\/p>\n\n<h2 class=\"wp-block-heading\">10. Overdue loans<\/h2>\n\n<p>Any overdue item on your account <strong>unables placing a new book request<\/strong>. The library account is unlocked after making the payment. Information about the payment to the account is received a minimum of 2 days after making it (it is also possible sending the payment confirmation to the library).<\/p>\n\n<h2 class=\"wp-block-heading\">11. E-mail notifications<\/h2>\n\n<p>Electronic notifications with confirmation\/decline of the requests, information about the approaching return date or overdue notices <strong>are sent to the readers&#8217; e-mail addresses.<\/strong><\/p>\n","protected":false},"excerpt":{"rendered":"<p>1. Borrow limit: Categories of Users Numberof volumes Time (number of days) Renewal Max. borrow time including renewal Deposit Full-time Student 10 30 30 60 Part-time \/ Extramural Student 10 42 30 72 Student studying more than one course (after having the request application accepted by the Library Director) 15 30 30 60 Students with [&hellip;]<\/p>\n","protected":false},"author":1,"featured_media":0,"parent":8344,"menu_order":20,"comment_status":"closed","ping_status":"closed","template":"page-templates\/template-sub-page.php","meta":{"_acf_changed":false,"inline_featured_image":false,"om_disable_all_campaigns":false,"_uf_show_specific_survey":0,"_uf_disable_surveys":false,"footnotes":"","_links_to":"","_links_to_target":""},"class_list":["post-8385","page","type-page","status-publish","hentry"],"acf":[],"aioseo_notices":[],"_links":{"self":[{"href":"https:\/\/biblioteka.uksw.edu.pl\/en\/wp-json\/wp\/v2\/pages\/8385","targetHints":{"allow":["GET"]}}],"collection":[{"href":"https:\/\/biblioteka.uksw.edu.pl\/en\/wp-json\/wp\/v2\/pages"}],"about":[{"href":"https:\/\/biblioteka.uksw.edu.pl\/en\/wp-json\/wp\/v2\/types\/page"}],"author":[{"embeddable":true,"href":"https:\/\/biblioteka.uksw.edu.pl\/en\/wp-json\/wp\/v2\/users\/1"}],"replies":[{"embeddable":true,"href":"https:\/\/biblioteka.uksw.edu.pl\/en\/wp-json\/wp\/v2\/comments?post=8385"}],"version-history":[{"count":45,"href":"https:\/\/biblioteka.uksw.edu.pl\/en\/wp-json\/wp\/v2\/pages\/8385\/revisions"}],"predecessor-version":[{"id":15003,"href":"https:\/\/biblioteka.uksw.edu.pl\/en\/wp-json\/wp\/v2\/pages\/8385\/revisions\/15003"}],"up":[{"embeddable":true,"href":"https:\/\/biblioteka.uksw.edu.pl\/en\/wp-json\/wp\/v2\/pages\/8344"}],"wp:attachment":[{"href":"https:\/\/biblioteka.uksw.edu.pl\/en\/wp-json\/wp\/v2\/media?parent=8385"}],"curies":[{"name":"wp","href":"https:\/\/api.w.org\/{rel}","templated":true}]}}