{"id":8355,"date":"2022-11-14T10:57:13","date_gmt":"2022-11-14T09:57:13","guid":{"rendered":"https:\/\/biblioteka.uksw.edu.pl\/contact\/woycickiego-campus\/"},"modified":"2026-03-20T15:07:04","modified_gmt":"2026-03-20T14:07:04","slug":"woycickiego-campus","status":"publish","type":"page","link":"https:\/\/biblioteka.uksw.edu.pl\/en\/contact\/woycickiego-campus\/","title":{"rendered":"W\u00f3ycicki Campus"},"content":{"rendered":"\n<h2 class=\"wp-block-heading\">The Library of Cardinal Stefan Wyszynski University in Warsaw \u2013 W\u00f3ycickiego <br \/><\/h2>\n\r\n<div class=\"\">\r\n\r\n<div class=\"row\">\r\n\r\n  \r\n\r\n\r\n     <div class=\"col-xl-6 col-lg-6 col-md-12 col-sm-12 project\">\r\n\t\t\t<div class=\"contact_box project_box\">\r\n\t\t\t<div class=\"headingh2\">WYPO\u017bYCZALNIA II<\/div>\r\n\t\t\t<div class=\"headingh3\">Budynek 23, p. 110 (I pi\u0119tro)<\/div><br>\r\n\r\n\r\n\t\t\t<p>tel.: <a href=\"tel:22 561 90 27\">22 561 90 27<\/a>,\u00a0<a href=\"tel:22 569 97 21\">22 569 97 21<\/a><br \/>\ne-mail: <a href=\"mailto:wypozyczalnia.woycickiego@uksw.edu.pl\">wypozyczalnia.woycickiego@uksw.edu.pl<\/a><\/p>\n<p><strong>Godziny otwarcia:<\/strong><br \/>\nponiedzia\u0142ek &#8211; pi\u0105tek: 8.00 &#8211; 18.00<br \/>\nsobota: 9.00 &#8211; 15.00 (w wybrane soboty \u2013 szczeg\u00f3\u0142y w <a href=\"https:\/\/biblioteka.uksw.edu.pl\/2026\/01\/23\/sobotnie-godziny-pracy-biblioteki-uksw-do-konca-roku-akademickiego-2025-26\/\" target=\"_blank\" rel=\"nofollow noopener\">aktualno\u015bciach na stronie g\u0142\u00f3wnej<\/a>)<\/p>\n\t\t\t<\/div>\r\n    <\/div>\r\n\r\n\t\r\n\r\n\r\n     <div class=\"col-xl-6 col-lg-6 col-md-12 col-sm-12 project\">\r\n\t\t\t<div class=\"contact_box project_box\">\r\n\t\t\t<div class=\"headingh2\">CZYTELNIA OG\u00d3LNA<\/div>\r\n\t\t\t<div class=\"headingh3\">Budynek 23, p. 110 (I pi\u0119tro)<\/div><br>\r\n\r\n\r\n\t\t\t<p>tel. <a href=\"tel:22 569 68 43\">22 569 68 43<\/a><br \/>\ne-mail: <a href=\"mailto:wypozyczalnia.woycickiego@uksw.edu.pl\">wypozyczalnia.woycickiego@uksw.edu.pl<\/a><\/p>\n<p><strong>Godziny otwarcia:<\/strong><br \/>\nponiedzia\u0142ek \u2013 pi\u0105tek: 8.00 \u2013 18.00<br \/>\nsobota: 9.00 \u2013 15.00 (w wybrane soboty \u2013 szczeg\u00f3\u0142y w <a href=\"https:\/\/biblioteka.uksw.edu.pl\/2026\/01\/23\/sobotnie-godziny-pracy-biblioteki-uksw-do-konca-roku-akademickiego-2025-26\/\" target=\"_blank\" rel=\"nofollow noopener\">aktualno\u015bciach na stronie g\u0142\u00f3wnej<\/a>)<\/p>\n\t\t\t<\/div>\r\n    <\/div>\r\n\r\n\t\r\n\t \r\n\r\n\r\n<\/div>\r\n  \r\n<\/div>\r\n\n<h2 class=\"wp-block-heading\">Law Sciences Library<\/h2>\n\r\n<div class=\"\">\r\n\r\n<div class=\"row\">\r\n\r\n  \r\n\r\n\r\n     <div class=\"col-xl-6 col-lg-6 col-md-12 col-sm-12 project\">\r\n\t\t\t<div class=\"contact_box project_box\">\r\n\t\t\t<div class=\"headingh2\">Wypo\u017cyczalnia<\/div>\r\n\t\t\t<div class=\"headingh3\">Budynek 17, p. 1708 A<\/div><br>\r\n\r\n\r\n\t\t\t<p>tel. <a href=\"tel:22 561 88 67\">22 561 88 67<\/a><br \/>\ne-mail: <a href=\"mailto:biblioteka_prawo@uksw.edu.pl\" target=\"_blank\" rel=\"noopener\">biblioteka_prawo@uksw.edu.pl<\/a><\/p>\n<p><strong>Godziny otwarcia:<\/strong><br \/>\nponiedzia\u0142ek \u2013 pi\u0105tek: 8.00 \u2013 18.00<br \/>\nsobota: 9.00 \u2013 15.00 (w wybrane soboty \u2013 szczeg\u00f3\u0142y w <a href=\"https:\/\/biblioteka.uksw.edu.pl\/2026\/01\/23\/sobotnie-godziny-pracy-biblioteki-uksw-do-konca-roku-akademickiego-2025-26\/\" target=\"_blank\" rel=\"nofollow noopener\">aktualno\u015bciach na stronie g\u0142\u00f3wnej<\/a>)<\/p>\n\t\t\t<\/div>\r\n    <\/div>\r\n\r\n\t\r\n\r\n\r\n     <div class=\"col-xl-6 col-lg-6 col-md-12 col-sm-12 project\">\r\n\t\t\t<div class=\"contact_box project_box\">\r\n\t\t\t<div class=\"headingh2\">CZYTELNIA<\/div>\r\n\t\t\t<div class=\"headingh3\">Budynek 17, p. 1706<\/div><br>\r\n\r\n\r\n\t\t\t<p>tel. <a href=\"tel:22 569 97 29\">22 569 97 29<\/a><br \/>\ne-mail: <a href=\"mailto:biblioteka_prawo@uksw.edu.pl\">biblioteka_prawo@uksw.edu.pl<\/a><\/p>\n<p><strong>Godziny otwarcia:<\/strong><br \/>\nponiedzia\u0142ek \u2013 pi\u0105tek: 8.00 \u2013 18.00<br \/>\nsobota: 9.00 \u2013 15.00 (w wybrane soboty \u2013 szczeg\u00f3\u0142y w <a href=\"https:\/\/biblioteka.uksw.edu.pl\/2026\/01\/23\/sobotnie-godziny-pracy-biblioteki-uksw-do-konca-roku-akademickiego-2025-26\/\" target=\"_blank\" rel=\"nofollow noopener\">aktualno\u015bciach na stronie g\u0142\u00f3wnej<\/a>)<\/p>\n\t\t\t<\/div>\r\n    <\/div>\r\n\r\n\t\r\n\t \r\n\r\n\r\n<\/div>\r\n  \r\n<\/div>\r\n","protected":false},"excerpt":{"rendered":"<p>The Library of Cardinal Stefan Wyszynski University in Warsaw \u2013 W\u00f3ycickiego Law Sciences Library<\/p>\n","protected":false},"author":1,"featured_media":0,"parent":8350,"menu_order":2,"comment_status":"closed","ping_status":"closed","template":"page-templates\/template-sub-page.php","meta":{"_acf_changed":false,"inline_featured_image":false,"om_disable_all_campaigns":false,"_uf_show_specific_survey":0,"_uf_disable_surveys":false,"footnotes":"","_links_to":"","_links_to_target":""},"class_list":["post-8355","page","type-page","status-publish","hentry"],"acf":[],"aioseo_notices":[],"_links":{"self":[{"href":"https:\/\/biblioteka.uksw.edu.pl\/en\/wp-json\/wp\/v2\/pages\/8355","targetHints":{"allow":["GET"]}}],"collection":[{"href":"https:\/\/biblioteka.uksw.edu.pl\/en\/wp-json\/wp\/v2\/pages"}],"about":[{"href":"https:\/\/biblioteka.uksw.edu.pl\/en\/wp-json\/wp\/v2\/types\/page"}],"author":[{"embeddable":true,"href":"https:\/\/biblioteka.uksw.edu.pl\/en\/wp-json\/wp\/v2\/users\/1"}],"replies":[{"embeddable":true,"href":"https:\/\/biblioteka.uksw.edu.pl\/en\/wp-json\/wp\/v2\/comments?post=8355"}],"version-history":[{"count":25,"href":"https:\/\/biblioteka.uksw.edu.pl\/en\/wp-json\/wp\/v2\/pages\/8355\/revisions"}],"predecessor-version":[{"id":15601,"href":"https:\/\/biblioteka.uksw.edu.pl\/en\/wp-json\/wp\/v2\/pages\/8355\/revisions\/15601"}],"up":[{"embeddable":true,"href":"https:\/\/biblioteka.uksw.edu.pl\/en\/wp-json\/wp\/v2\/pages\/8350"}],"wp:attachment":[{"href":"https:\/\/biblioteka.uksw.edu.pl\/en\/wp-json\/wp\/v2\/media?parent=8355"}],"curies":[{"name":"wp","href":"https:\/\/api.w.org\/{rel}","templated":true}]}}