{"id":8353,"date":"2022-11-14T10:57:12","date_gmt":"2022-11-14T09:57:12","guid":{"rendered":"https:\/\/biblioteka.uksw.edu.pl\/contact\/dewajtis-campus\/"},"modified":"2026-03-20T15:09:12","modified_gmt":"2026-03-20T14:09:12","slug":"dewajtis-campus","status":"publish","type":"page","link":"https:\/\/biblioteka.uksw.edu.pl\/en\/contact\/dewajtis-campus\/","title":{"rendered":"Dewajtis Campus"},"content":{"rendered":"\n<h2 class=\"wp-block-heading\">The Library of Cardinal Stefan Wyszynski University in Warsaw \u2013 Dewajtis<\/h2>\n\r\n<div class=\"\">\r\n\r\n<div class=\"row\">\r\n\r\n                       <div class=\"col-xl-6 col-lg-6 col-md-12 col-sm-12\">\r\n\r\n                            <div class=\"con_blue_box\">\r\n\r\n                            <div class=\"headingh2\">WYPO\u017bYCZALNIA I<\/div>\r\n                            sala K-303 Nowy Budynek ul. Dewajtis 5<br \/>\r\ntel. <a href=\"tel:22 561 88 54\">22 561 88 54<\/a><br \/>\r\nmail: <a href=\"mailto:wypozyczalnia@uksw.edu.pl\">wypozyczalnia@uksw.edu.pl<\/a><br><br \/>\r\n<strong>Godziny otwarcia:<\/strong><br \/>\r\nponiedzia\u0142ek \u2013 pi\u0105tek: 8.00 \u2013 18.00\t<br \/>\r\nsobota: 9.00 \u2013 15.00 (w wybrane soboty \u2013 szczeg\u00f3\u0142y w <a href=\"https:\/\/biblioteka.uksw.edu.pl\/2026\/01\/23\/sobotnie-godziny-pracy-biblioteki-uksw-do-konca-roku-akademickiego-2025-26\/\" target=\"_blank\" rel=\"nofollow noopener\">aktualno\u015bciach na stronie g\u0142\u00f3wnej<\/a>)                            <\/div>\r\n                            <div class=\"space_20\"><\/div>\r\n                <\/div>\r\n                \r\n                        <div class=\"col-xl-6 col-lg-6 col-md-12 col-sm-12\">\r\n\r\n                            <div class=\"con_blue_box\">\r\n\r\n                            <div class=\"headingh2\">CZYTELNIA TEOLOGICZNO-KANONICZNA<\/div>\r\n                            sala 305 Nowy Budynek ul. Dewajtis 5<br \/>\r\ntel. <a href=\"tel:22 561 88 09\">22 561 88 09<\/a><br \/>\r\nmail: <a href=\"mailto:czytelnia.teologiczno.kanoniczna@uksw.edu.pl\">czytelnia.teologiczno.kanoniczna@uksw.edu.pl<\/a><br><br \/>\r\n<strong>Godziny otwarcia:<\/strong><br \/>\r\nponiedzia\u0142ek \u2013 pi\u0105tek: 8.00 \u2013 18.00\t<br \/>\r\nsobota: 9.00 \u2013 15.00 (w wybrane soboty \u2013 szczeg\u00f3\u0142y w <a href=\"https:\/\/biblioteka.uksw.edu.pl\/2026\/01\/23\/sobotnie-godziny-pracy-biblioteki-uksw-do-konca-roku-akademickiego-2025-26\/\" target=\"_blank\" rel=\"nofollow noopener\">aktualno\u015bciach na stronie g\u0142\u00f3wnej<\/a>)                            <\/div>\r\n                            <div class=\"space_20\"><\/div>\r\n                <\/div>\r\n                \r\n                        <div class=\"col-xl-6 col-lg-6 col-md-12 col-sm-12\">\r\n\r\n                            <div class=\"con_blue_box\">\r\n\r\n                            <div class=\"headingh2\">CZYTELNIA HUMANISTYCZNA<\/div>\r\n                            sala 303 Nowy Budynek ul. Dewajtis 5<br \/>\r\ntel. <a href=\"tel:22 561 89 78\">22 561 89 78<\/a><br \/>\r\nmail: <a href=\"mailto:czytelnia.humanistyczna@uksw.edu.pl\">czytelnia.humanistyczna@uksw.edu.pl<\/a><br><br \/>\r\n<strong>Godziny otwarcia:<\/strong><br \/>\r\nponiedzia\u0142ek \u2013 pi\u0105tek: 8.00 \u2013 18.00\t<br \/>\r\nsobota: 9.00 \u2013 15.00 (w wybrane soboty \u2013 szczeg\u00f3\u0142y w <a href=\"https:\/\/biblioteka.uksw.edu.pl\/2026\/01\/23\/sobotnie-godziny-pracy-biblioteki-uksw-do-konca-roku-akademickiego-2025-26\/\" target=\"_blank\" rel=\"nofollow noopener\">aktualno\u015bciach na stronie g\u0142\u00f3wnej<\/a>)                            <\/div>\r\n                            <div class=\"space_20\"><\/div>\r\n                <\/div>\r\n                \r\n                \r\n<\/div>\r\n\r\n<\/div>\r\n\r\n","protected":false},"excerpt":{"rendered":"<p>The Library of Cardinal Stefan Wyszynski University in Warsaw \u2013 Dewajtis<\/p>\n","protected":false},"author":1,"featured_media":0,"parent":8350,"menu_order":1,"comment_status":"closed","ping_status":"closed","template":"page-templates\/template-sub-page.php","meta":{"_acf_changed":false,"inline_featured_image":false,"om_disable_all_campaigns":false,"_uf_show_specific_survey":0,"_uf_disable_surveys":false,"footnotes":"","_links_to":"","_links_to_target":""},"class_list":["post-8353","page","type-page","status-publish","hentry"],"acf":[],"aioseo_notices":[],"_links":{"self":[{"href":"https:\/\/biblioteka.uksw.edu.pl\/en\/wp-json\/wp\/v2\/pages\/8353","targetHints":{"allow":["GET"]}}],"collection":[{"href":"https:\/\/biblioteka.uksw.edu.pl\/en\/wp-json\/wp\/v2\/pages"}],"about":[{"href":"https:\/\/biblioteka.uksw.edu.pl\/en\/wp-json\/wp\/v2\/types\/page"}],"author":[{"embeddable":true,"href":"https:\/\/biblioteka.uksw.edu.pl\/en\/wp-json\/wp\/v2\/users\/1"}],"replies":[{"embeddable":true,"href":"https:\/\/biblioteka.uksw.edu.pl\/en\/wp-json\/wp\/v2\/comments?post=8353"}],"version-history":[{"count":23,"href":"https:\/\/biblioteka.uksw.edu.pl\/en\/wp-json\/wp\/v2\/pages\/8353\/revisions"}],"predecessor-version":[{"id":15603,"href":"https:\/\/biblioteka.uksw.edu.pl\/en\/wp-json\/wp\/v2\/pages\/8353\/revisions\/15603"}],"up":[{"embeddable":true,"href":"https:\/\/biblioteka.uksw.edu.pl\/en\/wp-json\/wp\/v2\/pages\/8350"}],"wp:attachment":[{"href":"https:\/\/biblioteka.uksw.edu.pl\/en\/wp-json\/wp\/v2\/media?parent=8353"}],"curies":[{"name":"wp","href":"https:\/\/api.w.org\/{rel}","templated":true}]}}