{"id":10508,"date":"2024-02-01T09:47:27","date_gmt":"2024-02-01T08:47:27","guid":{"rendered":"https:\/\/biblioteka.uksw.edu.pl\/report-a-webpage-error\/"},"modified":"2024-11-22T10:55:18","modified_gmt":"2024-11-22T09:55:18","slug":"report-a-webpage-error","status":"publish","type":"page","link":"https:\/\/biblioteka.uksw.edu.pl\/en\/report-a-webpage-error\/","title":{"rendered":"Report a webpage error"},"content":{"rendered":"\n<p>Using the form below, you can report an error found on our webpage (ie. broken link, textual error, translate error etc.). We will be grateful if you describe the error in details and provide its location as precisely as possible. The e-mail address left will be used for possible correspondence with you (only if needed).  <\/p>\n\r\n<div class=\"\">\r\n\r\n\r\n<div class=\"contact_grey\">\r\n\r\n\n<div class=\"wpcf7 no-js\" id=\"wpcf7-f10497-o1\" lang=\"pl-PL\" dir=\"ltr\" data-wpcf7-id=\"10497\">\n<div class=\"screen-reader-response\"><p role=\"status\" aria-live=\"polite\" aria-atomic=\"true\"><\/p> <ul><\/ul><\/div>\n<form action=\"\/en\/wp-json\/wp\/v2\/pages\/10508#wpcf7-f10497-o1\" method=\"post\" class=\"wpcf7-form init\" aria-label=\"Formularz kontaktowy\" novalidate=\"novalidate\" data-status=\"init\">\n<div style=\"display: none;\">\n<input type=\"hidden\" name=\"_wpcf7\" value=\"10497\" \/>\n<input type=\"hidden\" name=\"_wpcf7_version\" value=\"6.0.6\" \/>\n<input type=\"hidden\" name=\"_wpcf7_locale\" value=\"pl_PL\" \/>\n<input type=\"hidden\" name=\"_wpcf7_unit_tag\" value=\"wpcf7-f10497-o1\" \/>\n<input type=\"hidden\" name=\"_wpcf7_container_post\" value=\"0\" \/>\n<input type=\"hidden\" name=\"_wpcf7_posted_data_hash\" value=\"\" \/>\n<\/div>\n<p>Pola oznaczone gwiazdk\u0105 (*) wymagaj\u0105 uzupe\u0142nienia.<\/p>\n<div class=\"row\">\n <div class=\"col-xxl-6 col-xl-6 col-lg-6 col-md-12 col-sm-12\">\n<div class=\"mb-4\">\n<label for=\"email\">Adres e-mail<\/label>\n   <span class=\"wpcf7-form-control-wrap\" data-name=\"your-email\"><input size=\"40\" maxlength=\"400\" class=\"wpcf7-form-control wpcf7-email wpcf7-text wpcf7-validates-as-email form-control\" id=\"email\" aria-invalid=\"false\" placeholder=\"Wpisz sw\u00f3j korespondencyjny adres mailowy\" value=\"\" type=\"email\" name=\"your-email\" \/><\/span>  \n<\/div><\/div>\n\n <div>\n    <div class=\"col-xxl-6 col-xl-6 col-lg-6 col-md-12 col-sm-12\">\n    <div class=\"mb-4\">\n    <label>Odno\u015bnik\/Nazwa strony z b\u0142\u0119dem*<\/label>\n    <span class=\"wpcf7-form-control-wrap\" data-name=\"acad-degree\"><input size=\"40\" maxlength=\"400\" class=\"wpcf7-form-control wpcf7-text wpcf7-validates-as-required form-control\" id=\"acad-degree\" aria-required=\"true\" aria-invalid=\"false\" placeholder=\"Link do strony lub jej nazwa\" value=\"\" type=\"text\" name=\"acad-degree\" \/><\/span>  \n    <\/div><\/div>\n<\/div>\n\n<div class=\"row\">\n    <div class=\"col-xxl-6 col-xl-6 col-lg-6 col-md-12 col-sm-12\">\n        <div class=\"mb-4\">\n            <label for=\"status\">Rodzaj b\u0142\u0119du:*<\/label>\n            <span class=\"wpcf7-form-control-wrap\" data-name=\"status-954\"><select class=\"wpcf7-form-control wpcf7-select wpcf7-validates-as-required form-control form-select white_select1\" id=\"status\" aria-required=\"true\" aria-invalid=\"false\" name=\"status-954\"><option value=\"\">Wybierz z listy rozwijanej<\/option><option value=\"B\u0142\u0119dne dane\">B\u0142\u0119dne dane<\/option><option value=\"B\u0142\u0105d w dzia\u0142aniu (np. niedzia\u0142aj\u0105cy link, brak pliku, obrazu itp.)\">B\u0142\u0105d w dzia\u0142aniu (np. niedzia\u0142aj\u0105cy link, brak pliku, obrazu itp.)<\/option><option value=\"B\u0142\u0105d w tek\u015bcie\">B\u0142\u0105d w tek\u015bcie<\/option><option value=\"B\u0142\u0105d t\u0142umaczenia\">B\u0142\u0105d t\u0142umaczenia<\/option><\/select><\/span>\n        <\/div>\n    <\/div>\n\n <div class=\"col-xl-12 col-lg-12 col-md-12 col-sm-12 col-xs-12\">\n<div class=\"mb-4\">\n<label>Opis b\u0142\u0119du *<\/label>\n <span class=\"wpcf7-form-control-wrap\" data-name=\"your-message\"><textarea cols=\"40\" rows=\"10\" maxlength=\"2000\" class=\"wpcf7-form-control wpcf7-textarea wpcf7-validates-as-required form-control contact_grey_textarea\" id=\"target-message\" aria-required=\"true\" aria-invalid=\"false\" placeholder=\"Opisz, gdzie na stronie wyst\u0119puje b\u0142\u0105d i na czym polega.\" name=\"your-message\"><\/textarea><\/span> \n    <\/div>\n  <\/div>\n<\/div>\n\n<\/div>\n\n<div class=\"mb-4\">\n<div class=\"form-check\">\n<span class=\"wpcf7-form-control-wrap\" data-name=\"checkbox-666\"><span class=\"wpcf7-form-control wpcf7-checkbox wpcf7-validates-as-required\" id=\"cb\"><span class=\"wpcf7-list-item first last\"><label><input type=\"checkbox\" name=\"checkbox-666[]\" value=\"Korzystanie ze strony oznacza zgod\u0119 na przetwarzanie danych osobowych. Informacja o ochronie danych osobowych (RODO).*\" \/><span class=\"wpcf7-list-item-label\">Korzystanie ze strony oznacza zgod\u0119 na przetwarzanie danych osobowych. Informacja o ochronie danych osobowych (RODO).*<\/span><\/label><\/span><\/span><\/span>\n<\/div><\/div>\n\n<\/div>\n<button class=\"but_send\" title=\"Kliknij, aby przes\u0142a\u0107 formularz\" type=\"submit\">Wy\u015blij<\/button>\n\n<\/div><div class=\"wpcf7-response-output\" aria-hidden=\"true\"><\/div>\n<\/form>\n<\/div>\n\r\n<\/div>\r\n\r\n\r\n<\/div>","protected":false},"excerpt":{"rendered":"<p>Using the form below, you can report an error found on our webpage (ie. broken link, textual error, translate error etc.). We will be grateful if you describe the error in details and provide its location as precisely as possible. The e-mail address left will be used for possible correspondence with you (only if needed).<\/p>\n","protected":false},"author":41,"featured_media":0,"parent":0,"menu_order":0,"comment_status":"closed","ping_status":"closed","template":"page-templates\/template-form-page.php","meta":{"_acf_changed":false,"inline_featured_image":false,"om_disable_all_campaigns":false,"_uf_show_specific_survey":0,"_uf_disable_surveys":false,"footnotes":"","_links_to":"","_links_to_target":""},"class_list":["post-10508","page","type-page","status-publish","hentry"],"acf":[],"aioseo_notices":[],"_links":{"self":[{"href":"https:\/\/biblioteka.uksw.edu.pl\/en\/wp-json\/wp\/v2\/pages\/10508","targetHints":{"allow":["GET"]}}],"collection":[{"href":"https:\/\/biblioteka.uksw.edu.pl\/en\/wp-json\/wp\/v2\/pages"}],"about":[{"href":"https:\/\/biblioteka.uksw.edu.pl\/en\/wp-json\/wp\/v2\/types\/page"}],"author":[{"embeddable":true,"href":"https:\/\/biblioteka.uksw.edu.pl\/en\/wp-json\/wp\/v2\/users\/41"}],"replies":[{"embeddable":true,"href":"https:\/\/biblioteka.uksw.edu.pl\/en\/wp-json\/wp\/v2\/comments?post=10508"}],"version-history":[{"count":7,"href":"https:\/\/biblioteka.uksw.edu.pl\/en\/wp-json\/wp\/v2\/pages\/10508\/revisions"}],"predecessor-version":[{"id":12501,"href":"https:\/\/biblioteka.uksw.edu.pl\/en\/wp-json\/wp\/v2\/pages\/10508\/revisions\/12501"}],"wp:attachment":[{"href":"https:\/\/biblioteka.uksw.edu.pl\/en\/wp-json\/wp\/v2\/media?parent=10508"}],"curies":[{"name":"wp","href":"https:\/\/api.w.org\/{rel}","templated":true}]}}